{"id":36,"date":"2025-09-03T19:56:28","date_gmt":"2025-09-03T22:56:28","guid":{"rendered":"https:\/\/clientes.asxmkt.com.br\/contabilidade-boa-vista\/?page_id=36"},"modified":"2025-09-07T20:49:25","modified_gmt":"2025-09-07T23:49:25","slug":"sobre","status":"publish","type":"page","link":"https:\/\/clientes.asxmkt.com.br\/contabilidade-boa-vista\/site\/sobre\/","title":{"rendered":"Sobre"},"content":{"rendered":"\n<p>Somos uma empresa especializada em terceiriza\u00e7\u00e3o de servi\u00e7os cont\u00e1beis, com profissionais experientes nas \u00e1reas Cont\u00e1bil, Tribut\u00e1ria, Fiscal e Trabalhista. Nossas orienta\u00e7\u00f5es s\u00e3o baseadas em refer\u00eancias especializadas e softwares modernos.<\/p>\n\n\n\n<div style=\"height:20px\" aria-hidden=\"true\" class=\"wp-block-spacer\"><\/div>\n\n\n\n<p>Valorizamos a confian\u00e7a como elo central com nossos clientes, oferecendo mais do que lan\u00e7amentos di\u00e1rios: assessoramos empres\u00e1rios em decis\u00f5es estrat\u00e9gicas, entendendo que um bom acompanhamento faz a diferen\u00e7a entre sucesso e fracasso.<\/p>\n\n\n\n<div style=\"height:24px\" aria-hidden=\"true\" class=\"wp-block-spacer\"><\/div>\n\n\n\n<p>Nossa equipe est\u00e1 pronta para apoiar sua empresa no crescimento tribut\u00e1rio e financeiro, unindo agilidade e assessoria especializada para decis\u00f5es mais assertivas.<\/p>\n","protected":false},"excerpt":{"rendered":"<p>Somos uma empresa especializada em terceiriza\u00e7\u00e3o de servi\u00e7os cont\u00e1beis, com profissionais experientes nas \u00e1reas Cont\u00e1bil, Tribut\u00e1ria, Fiscal e Trabalhista. Nossas orienta\u00e7\u00f5es s\u00e3o baseadas em refer\u00eancias especializadas e softwares modernos. Valorizamos a confian\u00e7a como elo central com nossos clientes, oferecendo mais do que lan\u00e7amentos di\u00e1rios: assessoramos empres\u00e1rios em decis\u00f5es estrat\u00e9gicas, entendendo que um bom acompanhamento faz [&hellip;]<\/p>\n","protected":false},"author":1,"featured_media":0,"parent":0,"menu_order":0,"comment_status":"closed","ping_status":"closed","template":"sobre.php","meta":{"_acf_changed":false,"footnotes":""},"class_list":["post-36","page","type-page","status-publish","hentry"],"acf":[],"_links":{"self":[{"href":"https:\/\/clientes.asxmkt.com.br\/contabilidade-boa-vista\/site\/wp-json\/wp\/v2\/pages\/36","targetHints":{"allow":["GET"]}}],"collection":[{"href":"https:\/\/clientes.asxmkt.com.br\/contabilidade-boa-vista\/site\/wp-json\/wp\/v2\/pages"}],"about":[{"href":"https:\/\/clientes.asxmkt.com.br\/contabilidade-boa-vista\/site\/wp-json\/wp\/v2\/types\/page"}],"author":[{"embeddable":true,"href":"https:\/\/clientes.asxmkt.com.br\/contabilidade-boa-vista\/site\/wp-json\/wp\/v2\/users\/1"}],"replies":[{"embeddable":true,"href":"https:\/\/clientes.asxmkt.com.br\/contabilidade-boa-vista\/site\/wp-json\/wp\/v2\/comments?post=36"}],"version-history":[{"count":12,"href":"https:\/\/clientes.asxmkt.com.br\/contabilidade-boa-vista\/site\/wp-json\/wp\/v2\/pages\/36\/revisions"}],"predecessor-version":[{"id":155,"href":"https:\/\/clientes.asxmkt.com.br\/contabilidade-boa-vista\/site\/wp-json\/wp\/v2\/pages\/36\/revisions\/155"}],"wp:attachment":[{"href":"https:\/\/clientes.asxmkt.com.br\/contabilidade-boa-vista\/site\/wp-json\/wp\/v2\/media?parent=36"}],"curies":[{"name":"wp","href":"https:\/\/api.w.org\/{rel}","templated":true}]}}